{"id":230,"date":"2016-07-18T18:17:52","date_gmt":"2016-07-18T18:17:52","guid":{"rendered":"http:\/\/bodegasibanesas.com\/en\/historia\/"},"modified":"2016-08-10T11:08:36","modified_gmt":"2016-08-10T11:08:36","slug":"history","status":"publish","type":"page","link":"https:\/\/bodegasibanesas.com\/en\/history\/","title":{"rendered":"History"},"content":{"rendered":"<p>[et_pb_section admin_label=&#8221;Secci\u00f3n&#8221; fullwidth=&#8221;on&#8221; specialty=&#8221;off&#8221;][et_pb_fullwidth_image admin_label=&#8221;Imagen de anchura completa&#8221; src=&#8221;http:\/\/bodegasibanesas.com\/wp-content\/uploads\/2016\/07\/historia.jpg&#8221; show_in_lightbox=&#8221;off&#8221; url_new_window=&#8221;off&#8221; use_overlay=&#8221;off&#8221; animation=&#8221;off&#8221; use_border_color=&#8221;off&#8221; border_color=&#8221;#ffffff&#8221; border_style=&#8221;solid&#8221;]<\/p>\n<p>[\/et_pb_fullwidth_image][\/et_pb_section][et_pb_section admin_label=&#8221;section&#8221;][et_pb_row admin_label=&#8221;row&#8221;][et_pb_column type=&#8221;4_4&#8243;][et_pb_post_title admin_label=&#8221;T\u00edtulo de publicaci\u00f3n&#8221; title=&#8221;on&#8221; meta=&#8221;off&#8221; author=&#8221;on&#8221; date=&#8221;on&#8221; categories=&#8221;on&#8221; comments=&#8221;on&#8221; featured_image=&#8221;off&#8221; featured_placement=&#8221;below&#8221; parallax_effect=&#8221;on&#8221; parallax_method=&#8221;on&#8221; text_orientation=&#8221;center&#8221; text_color=&#8221;dark&#8221; text_background=&#8221;off&#8221; text_bg_color=&#8221;rgba(255,255,255,0.9)&#8221; module_bg_color=&#8221;rgba(255,255,255,0)&#8221; title_all_caps=&#8221;off&#8221; use_border_color=&#8221;off&#8221; border_color=&#8221;#ffffff&#8221; border_style=&#8221;solid&#8221;]<\/p>\n<p>[\/et_pb_post_title][et_pb_text admin_label=&#8221;Texto&#8221; background_layout=&#8221;light&#8221; text_orientation=&#8221;left&#8221; use_border_color=&#8221;off&#8221; border_color=&#8221;#ffffff&#8221; border_style=&#8221;solid&#8221;]<\/p>\n<div style=\"max-width: 900px; margin: 0 auto;text-align:justify;\">\n<p>The creation of Bodega Iba\u00f1esas de Exportaci\u00f3n began in the 80s, the result of the dream of Francisco Garc\u00eda, founder and current CEO of the winery, to create a business that could use the resources and breathe life into the land of La Manchuela. <\/p>\n<p>At that time, Francisco Garc\u00eda began to delve into the world of wines, learning to produce and understand the market, first domestically, then internationally, producing and purchasing small batches of grapes in La Manchuela in those first years, to then sell in then traditional markets, Catalonia, Navarra and the Basque Country.<\/p>\n<p>In 1996 he founded Bodegas Iba\u00f1esas de Exportaci\u00f3n, distinguishing its strong external character and focusing on quality production by investing in the best techniques and technologies in the processing and cultivation of the vine, as well as in the development of a strong business line of organic wines. <\/p>\n<p>During the following years, Bodegas Iba\u00f1esas entered the main international export markets; first Europe, mainly with France, Germany and Italy, then moving on to Eastern Europe, Ukraine, Russia, Romania. During the next few years, it began development in the Asian Market: China, Japan, Korea and Taiwan, among others, and later being introduced to America: in Mexico, the United States and Canada. <\/p>\n<p>Thus, Bodegas Iba\u00f1esas has reached sales levels of more than 160 million litres of wine sold, becoming one of the leading companies in the sector of Spanish bulk wine.\n<\/p><\/div>\n<p>[\/et_pb_text][\/et_pb_column][\/et_pb_row][\/et_pb_section]<\/p>\n","protected":false},"excerpt":{"rendered":"<p>The creation of Bodega Iba\u00f1esas de Exportaci\u00f3n began in the 80s, the result of the dream of Francisco Garc\u00eda, founder and current CEO of the winery, to create a business that could use the resources and breathe life into the land of La Manchuela. At that time, Francisco Garc\u00eda began to delve into the world [&hellip;]<\/p>\n","protected":false},"author":1,"featured_media":0,"parent":0,"menu_order":0,"comment_status":"closed","ping_status":"closed","template":"","meta":{"_et_pb_use_builder":"on","_et_pb_old_content":"","_et_gb_content_width":"","footnotes":""},"class_list":["post-230","page","type-page","status-publish","hentry"],"_links":{"self":[{"href":"https:\/\/bodegasibanesas.com\/en\/wp-json\/wp\/v2\/pages\/230"}],"collection":[{"href":"https:\/\/bodegasibanesas.com\/en\/wp-json\/wp\/v2\/pages"}],"about":[{"href":"https:\/\/bodegasibanesas.com\/en\/wp-json\/wp\/v2\/types\/page"}],"author":[{"embeddable":true,"href":"https:\/\/bodegasibanesas.com\/en\/wp-json\/wp\/v2\/users\/1"}],"replies":[{"embeddable":true,"href":"https:\/\/bodegasibanesas.com\/en\/wp-json\/wp\/v2\/comments?post=230"}],"version-history":[{"count":2,"href":"https:\/\/bodegasibanesas.com\/en\/wp-json\/wp\/v2\/pages\/230\/revisions"}],"predecessor-version":[{"id":233,"href":"https:\/\/bodegasibanesas.com\/en\/wp-json\/wp\/v2\/pages\/230\/revisions\/233"}],"wp:attachment":[{"href":"https:\/\/bodegasibanesas.com\/en\/wp-json\/wp\/v2\/media?parent=230"}],"curies":[{"name":"wp","href":"https:\/\/api.w.org\/{rel}","templated":true}]}}