{"id":239,"date":"2016-07-18T18:19:52","date_gmt":"2016-07-18T18:19:52","guid":{"rendered":"http:\/\/bodegasibanesas.com\/en\/contacto\/"},"modified":"2016-08-10T11:03:37","modified_gmt":"2016-08-10T11:03:37","slug":"contact","status":"publish","type":"page","link":"https:\/\/bodegasibanesas.com\/en\/contact\/","title":{"rendered":"Contact"},"content":{"rendered":"<p>[et_pb_section admin_label=&#8221;Secci\u00f3n&#8221; fullwidth=&#8221;on&#8221; specialty=&#8221;off&#8221;][et_pb_fullwidth_image admin_label=&#8221;Imagen de anchura completa&#8221; src=&#8221;http:\/\/bodegasibanesas.com\/wp-content\/uploads\/2016\/07\/contacto.jpg&#8221; show_in_lightbox=&#8221;off&#8221; url_new_window=&#8221;off&#8221; use_overlay=&#8221;off&#8221; animation=&#8221;off&#8221; use_border_color=&#8221;off&#8221; border_color=&#8221;#ffffff&#8221; border_style=&#8221;solid&#8221;]<\/p>\n<p>[\/et_pb_fullwidth_image][\/et_pb_section][et_pb_section admin_label=&#8221;section&#8221;][et_pb_row admin_label=&#8221;row&#8221;][et_pb_column type=&#8221;4_4&#8243;][et_pb_text admin_label=&#8221;Texto&#8221; background_layout=&#8221;light&#8221; text_orientation=&#8221;left&#8221; use_border_color=&#8221;off&#8221; border_color=&#8221;#ffffff&#8221; border_style=&#8221;solid&#8221;]<\/p>\n<div style=\"max-width: 900px; margin: 0 auto;\">\n<p style=\"text-align: center;\"><strong>Bodegas Iba\u00f1esas de Exportaci\u00f3n<br \/>\nPol\u00edgono industrial, parcela 64-70<br \/>\n02200 Casas Iba\u00f1ez \/ Albacete<br \/>\nEspa\u00f1a<\/strong><\/p>\n<\/div>\n<p>[\/et_pb_text][et_pb_code admin_label=&#8221;C\u00f3digo&#8221;]&lt;div style=&quot;max-width:900px;margin:0 auto;&quot;&gt;&lt;br \/&gt; <p class=\"wpcf7-contact-form-not-found\"><strong>Error:<\/strong> Contact form not found.<\/p>&lt;br \/&gt; &lt;\/div&gt;[\/et_pb_code][\/et_pb_column][\/et_pb_row][\/et_pb_section]<\/p>\n","protected":false},"excerpt":{"rendered":"<p>Bodegas Iba\u00f1esas de Exportaci\u00f3n Pol\u00edgono industrial, parcela 64-70 02200 Casas Iba\u00f1ez \/ Albacete Espa\u00f1a &lt;div style=&quot;max-width:900px;margin:0 auto;&quot;&gt;&lt;br \/&gt; <p class=\"wpcf7-contact-form-not-found\"><strong>Error:<\/strong> Contact form not found.<\/p>&lt;br \/&gt; &lt;\/div&gt;<\/p>\n","protected":false},"author":1,"featured_media":0,"parent":0,"menu_order":0,"comment_status":"closed","ping_status":"closed","template":"","meta":{"_et_pb_use_builder":"on","_et_pb_old_content":"","_et_gb_content_width":"","footnotes":""},"class_list":["post-239","page","type-page","status-publish","hentry"],"_links":{"self":[{"href":"https:\/\/bodegasibanesas.com\/en\/wp-json\/wp\/v2\/pages\/239"}],"collection":[{"href":"https:\/\/bodegasibanesas.com\/en\/wp-json\/wp\/v2\/pages"}],"about":[{"href":"https:\/\/bodegasibanesas.com\/en\/wp-json\/wp\/v2\/types\/page"}],"author":[{"embeddable":true,"href":"https:\/\/bodegasibanesas.com\/en\/wp-json\/wp\/v2\/users\/1"}],"replies":[{"embeddable":true,"href":"https:\/\/bodegasibanesas.com\/en\/wp-json\/wp\/v2\/comments?post=239"}],"version-history":[{"count":1,"href":"https:\/\/bodegasibanesas.com\/en\/wp-json\/wp\/v2\/pages\/239\/revisions"}],"predecessor-version":[{"id":240,"href":"https:\/\/bodegasibanesas.com\/en\/wp-json\/wp\/v2\/pages\/239\/revisions\/240"}],"wp:attachment":[{"href":"https:\/\/bodegasibanesas.com\/en\/wp-json\/wp\/v2\/media?parent=239"}],"curies":[{"name":"wp","href":"https:\/\/api.w.org\/{rel}","templated":true}]}}