{"id":244,"date":"2016-08-08T16:13:36","date_gmt":"2016-08-08T16:13:36","guid":{"rendered":"http:\/\/bodegasibanesas.com\/en\/aviso-legal\/"},"modified":"2016-08-10T11:08:10","modified_gmt":"2016-08-10T11:08:10","slug":"legal-notice","status":"publish","type":"page","link":"https:\/\/bodegasibanesas.com\/en\/legal-notice\/","title":{"rendered":"Legal notice"},"content":{"rendered":"<p>[et_pb_section admin_label=&#8221;section&#8221;][et_pb_row admin_label=&#8221;row&#8221;][et_pb_column type=&#8221;4_4&#8243;][et_pb_post_title admin_label=&#8221;T\u00edtulo de publicaci\u00f3n&#8221; title=&#8221;on&#8221; meta=&#8221;off&#8221; author=&#8221;on&#8221; date=&#8221;on&#8221; categories=&#8221;on&#8221; comments=&#8221;on&#8221; featured_image=&#8221;off&#8221; featured_placement=&#8221;below&#8221; parallax_effect=&#8221;on&#8221; parallax_method=&#8221;on&#8221; text_orientation=&#8221;center&#8221; text_color=&#8221;dark&#8221; text_background=&#8221;off&#8221; text_bg_color=&#8221;rgba(255,255,255,0.9)&#8221; module_bg_color=&#8221;rgba(255,255,255,0)&#8221; title_all_caps=&#8221;off&#8221; use_border_color=&#8221;off&#8221; border_color=&#8221;#ffffff&#8221; border_style=&#8221;solid&#8221;]<\/p>\n<p>[\/et_pb_post_title][et_pb_text admin_label=&#8221;Texto&#8221; background_layout=&#8221;light&#8221; text_orientation=&#8221;left&#8221; use_border_color=&#8221;off&#8221; border_color=&#8221;#ffffff&#8221; border_style=&#8221;solid&#8221;]<\/p>\n<p>\n<strong>1. Datos de la empresa <br \/><\/strong><br \/>\nEn cumplimiento del art\u00edculo 10 de la Ley 34\/2002, de 11 de julio, de Servicios de la Sociedad de la Informaci\u00f3n y Comercio Electr\u00f3nico, a continuaci\u00f3n se exponen los datos identificativos de la empresa.&nbsp;<\/p>\n<p>Denominaci\u00f3n Social: Bodegas Iba\u00f1esas de exportaci\u00f3n S.A. <br \/>\nNif \/ Cif: A02215069 <br \/>\nDomicilio Social: Pol\u00edgono Industrial, parcela 64-70 \u2013 02200 Casas Iba\u00f1ez (Albacete \u2013 Espa\u00f1a) <br \/>\nemail: info@bodegasibanesas.com <\/p>\n<p><strong>2. Propiedad intelectual <\/strong><\/p>\n<p>El c\u00f3digo fuente, los dise\u00f1os gr\u00e1ficos, las im\u00e1genes, las fotograf\u00edas, los sonidos, las animaciones, el software, los textos, as\u00ed como la informaci\u00f3n y los contenidos que se recogen en el presente sitio web est\u00e1n protegidos por la legislaci\u00f3n espa\u00f1ola sobre los derechos de propiedad intelectual e industrial a favor de Bodegas Iba\u00f1esas de exportaci\u00f3n S.A. y no se permite la reproducci\u00f3n y\/o publicaci\u00f3n, total o parcial, del sitio web, ni su tratamiento inform\u00e1tico, su distribuci\u00f3n, su difusi\u00f3n, ni su modificaci\u00f3n, transformaci\u00f3n o descompilaci\u00f3n, ni dem\u00e1s derechos reconocidos legalmente a su titular, sin el permiso previo y por escrito del mismo, Bodegas Iba\u00f1esas de exportaci\u00f3n S.A. <\/p>\n<p>El usuario, \u00fanica y exclusivamente, puede utilizar el material que aparezca en este sitio web para su uso personal y privado, quedando prohibido su uso con fines comerciales o para incurrir en actividades il\u00edcitas. Todos los derechos derivados de la propiedad intelectual est\u00e1n expresamente reservados por Bodegas Iba\u00f1esas de exportaci\u00f3n S.A. . <\/p>\n<p>Bodegas Iba\u00f1esas de exportaci\u00f3n S.A. velar\u00e1 por el cumplimiento de las anteriores condiciones como por la debida utilizaci\u00f3n de los contenidos presentados en sus p\u00e1ginas web, ejercitando todas las acciones civiles y penales que le correspondan en el caso de infracci\u00f3n o incumplimiento de estos derechos por parte del usuario. <\/p>\n<p><strong>3. Protecci\u00f3n de datos de car\u00e1cter personal <br \/>\n<\/strong><br \/>\nEn el marco del cumplimiento de la legislaci\u00f3n vigente, recogida en la Ley Org\u00e1nica 15\/1999, de 13 de diciembre, sobre protecci\u00f3n de Datos de Car\u00e1cter Personal (LOPD), cuyo objeto es garantizar y proteger, en lo que concierne al tratamiento de los datos personales, las libertades y derechos fundamentales de las personas f\u00edsicas, y especialmente de su honor e intimidad personal, Bodegas Iba\u00f1esas de exportaci\u00f3n S.A. informa a los usuarios que en el presente sitio web no se solicitan ni registran datos de car\u00e1cter personal. <\/p>\n<p><strong>4. Varios <br \/>\n<\/strong><br \/>\n<strong>A.-<\/strong> Bodegas Iba\u00f1esas de exportaci\u00f3n S.A. no utiliza cookies que se quedar\u00e1n almacenadas en el ordenador. Las cookies son peque\u00f1os archivos que nuestro ordenador env\u00eda al suyo, pero que no nos proporcionan informaci\u00f3n ni sobre su nombre, ni sobre cualquier dato de car\u00e1cter personal suyo. Cuando el usuario se encuentre navegando por las p\u00e1ginas web de Bodegas Iba\u00f1esas de exportaci\u00f3n S.A. el servidor donde se encuentra alojada reconoce autom\u00e1ticamente la direcci\u00f3n IP de su ordenador, el d\u00eda y la hora en la que comienza la visita, en la que abandona la visita, as\u00ed como informaci\u00f3n sobre las distintas secciones consultadas. Es necesario que el servidor conozca estos datos para poder comunicarse y enviarle la petici\u00f3n realizada y que a trav\u00e9s del navegador se pueda ver en la pantalla. <\/p>\n<p><strong>B.- <\/strong>Bodegas Iba\u00f1esas de exportaci\u00f3n S.A. podr\u00e1 modificar, sin previo aviso, la informaci\u00f3n contenida en su sitio web, as\u00ed como su configuraci\u00f3n y presentaci\u00f3n.&nbsp;<\/p>\n<p><strong>C.- <\/strong>Bodegas Iba\u00f1esas de exportaci\u00f3n S.A. se compromete a trav\u00e9s de este medio a NO REALIZAR PUBLICIDAD ENGA\u00d1OSA. A estos efectos, por lo tanto, no ser\u00e1n considerados como publicidad enga\u00f1osa los errores formales o num\u00e9ricos que puedan encontrarse a lo largo del contenido de las distintas secciones de la web de Bodegas Iba\u00f1esas de exportaci\u00f3n S.A., producidos como consecuencia de un mantenimiento y\/o actualizaci\u00f3n incompleta o defectuosa de la informaci\u00f3n contenida es estas secciones. Bodegas Iba\u00f1esas de exportaci\u00f3n S.A., como consecuencia de lo dispuesto en este apartado, se compromete a corregirlo tan pronto como tenga conocimiento de dichos errores.&nbsp;<br \/>\n<strong><br \/>\nD.- <\/strong>Bodegas Iba\u00f1esas de exportaci\u00f3n S.A. se compromete a NO REMITIR COMUNICACIONES COMERCIALES SIN IDENTIFICARLAS COMO TALES, conforme a lo dispuesto en la Ley 34\/2002 de Servicios de la Sociedad de la Informaci\u00f3n y de comercio electr\u00f3nico. A estos efectos no ser\u00e1 considerado como comunicaci\u00f3n comercial toda la informaci\u00f3n que se env\u00ede A LOS CLIENTES de Bodegas Iba\u00f1esas de exportaci\u00f3n S.A. siempre que tenga por finalidad el mantenimiento de la relaci\u00f3n contractual existente entre cliente y Bodegas Iba\u00f1esas de exportaci\u00f3n S.A., as\u00ed como el desempe\u00f1o de las tareas de informaci\u00f3n, formaci\u00f3n y otras actividades propias del servicio que el cliente tiene contratado con la empresa.&nbsp;<\/p>\n<p><strong>E.- <\/strong>Bodegas Iba\u00f1esas de exportaci\u00f3n S.A. no se hace responsable del incumplimiento de cualquier norma aplicable en que pueda incurrir el usuario en su acceso al sitio web el presente sitio web y\/o en el uso de las informaciones contenidas en el mismo. <\/p>\n<p><strong>F.- <\/strong>Bodegas Iba\u00f1esas de exportaci\u00f3n S.A. no ser\u00e1 responsable de los da\u00f1os y perjuicios producidos o que puedan producirse, cualquiera que sea su naturaleza, que se deriven del uso de la informaci\u00f3n, de las materias contenidas en este web site y de los programas que incorpora. Los enlaces (Links) e hipertexto que posibiliten, a trav\u00e9s del sitio web el presente sitio web, acceder al usuario a prestaciones y servicios ofrecidos por terceros, no pertenecen ni se encuentran bajo el control de Bodegas Iba\u00f1esas de exportaci\u00f3n S.A.; dicha entidad no se hace responsable ni de la informaci\u00f3n contenida en los mismos ni de cualesquiera efectos que pudieran derivarse de dicha informaci\u00f3n. <\/p>\n<p><strong>G.- <\/strong>Bodegas Iba\u00f1esas de exportaci\u00f3n S.A. no se hace responsable del uso ileg\u00edtimo que terceras personas puedan hacer de los nombres de marca, nombres de producto, marcas comerciales que, no siendo propiedad de dicha entidad, aparezcan en el presente sitio web. Tampoco se responsabiliza de la integridad, veracidad y licitud del contenido de los enlaces a las webs a las que pueda accederse desde el presente sitio web. <\/p>\n<p><strong>H.- <\/strong>En definitiva, el Usuario es el \u00fanico responsable del uso que realice de los servicios, contenidos, enlaces (links) e hipertexto incluidos en el sitio web el presente sitio web.  \t\t\t<\/p>\n<p>[\/et_pb_text][\/et_pb_column][\/et_pb_row][\/et_pb_section]<\/p>\n","protected":false},"excerpt":{"rendered":"<p>1. Datos de la empresa En cumplimiento del art\u00edculo 10 de la Ley 34\/2002, de 11 de julio, de Servicios de la Sociedad de la Informaci\u00f3n y Comercio Electr\u00f3nico, a continuaci\u00f3n se exponen los datos identificativos de la empresa.&nbsp; Denominaci\u00f3n Social: Bodegas Iba\u00f1esas de exportaci\u00f3n S.A. Nif \/ Cif: A02215069 Domicilio Social: Pol\u00edgono Industrial, parcela [&hellip;]<\/p>\n","protected":false},"author":1,"featured_media":0,"parent":0,"menu_order":0,"comment_status":"closed","ping_status":"closed","template":"","meta":{"_et_pb_use_builder":"on","_et_pb_old_content":"","_et_gb_content_width":"","footnotes":""},"class_list":["post-244","page","type-page","status-publish","hentry"],"_links":{"self":[{"href":"https:\/\/bodegasibanesas.com\/en\/wp-json\/wp\/v2\/pages\/244"}],"collection":[{"href":"https:\/\/bodegasibanesas.com\/en\/wp-json\/wp\/v2\/pages"}],"about":[{"href":"https:\/\/bodegasibanesas.com\/en\/wp-json\/wp\/v2\/types\/page"}],"author":[{"embeddable":true,"href":"https:\/\/bodegasibanesas.com\/en\/wp-json\/wp\/v2\/users\/1"}],"replies":[{"embeddable":true,"href":"https:\/\/bodegasibanesas.com\/en\/wp-json\/wp\/v2\/comments?post=244"}],"version-history":[{"count":1,"href":"https:\/\/bodegasibanesas.com\/en\/wp-json\/wp\/v2\/pages\/244\/revisions"}],"predecessor-version":[{"id":247,"href":"https:\/\/bodegasibanesas.com\/en\/wp-json\/wp\/v2\/pages\/244\/revisions\/247"}],"wp:attachment":[{"href":"https:\/\/bodegasibanesas.com\/en\/wp-json\/wp\/v2\/media?parent=244"}],"curies":[{"name":"wp","href":"https:\/\/api.w.org\/{rel}","templated":true}]}}