{"id":245,"date":"2016-08-08T16:16:06","date_gmt":"2016-08-08T16:16:06","guid":{"rendered":"http:\/\/bodegasibanesas.com\/en\/politica-de-cookies\/"},"modified":"2016-08-10T11:07:43","modified_gmt":"2016-08-10T11:07:43","slug":"cookies-policy","status":"publish","type":"page","link":"https:\/\/bodegasibanesas.com\/en\/cookies-policy\/","title":{"rendered":"Cookies policy"},"content":{"rendered":"<p>[et_pb_section admin_label=&#8221;section&#8221;][et_pb_row admin_label=&#8221;row&#8221;][et_pb_column type=&#8221;4_4&#8243;][et_pb_post_title admin_label=&#8221;T\u00edtulo de publicaci\u00f3n&#8221; title=&#8221;on&#8221; meta=&#8221;off&#8221; author=&#8221;on&#8221; date=&#8221;on&#8221; categories=&#8221;on&#8221; comments=&#8221;on&#8221; featured_image=&#8221;off&#8221; featured_placement=&#8221;below&#8221; parallax_effect=&#8221;on&#8221; parallax_method=&#8221;on&#8221; text_orientation=&#8221;left&#8221; text_color=&#8221;dark&#8221; text_background=&#8221;off&#8221; text_bg_color=&#8221;rgba(255,255,255,0.9)&#8221; module_bg_color=&#8221;rgba(255,255,255,0)&#8221; title_all_caps=&#8221;off&#8221; use_border_color=&#8221;off&#8221; border_color=&#8221;#ffffff&#8221; border_style=&#8221;solid&#8221; \/][et_pb_text admin_label=&#8221;Texto&#8221; background_layout=&#8221;light&#8221; text_orientation=&#8221;left&#8221; use_border_color=&#8221;off&#8221; border_color=&#8221;#ffffff&#8221; border_style=&#8221;solid&#8221;]<\/p>\n<p>En bodegasibanesas.com utilizamos cookies con el objetivo de prestar un mejor servicio y proporcionarte una mejor experiencia en tu navegaci\u00f3n. Queremos informarte de manera clara y precisa sobre las cookies que utilizamos, detallando a continuaci\u00f3n, que es una cookie, para que sirve, que tipos de cookies utilizamos, cuales son su finalidad y como puedes configurarlas o deshabilitarlas si as\u00ed lo deseas.<\/p>\n<p>&nbsp;<\/p>\n<p><strong>\u00bfQu\u00e9 es una cookie y para qu\u00e9 sirve?<\/strong><\/p>\n<p>Una \u201cCookie\u201d es un peque\u00f1o archivo que se almacena en el ordenador del usuario, tablet, smartphone o cualquier otro dispositivo con informaci\u00f3n sobre la navegaci\u00f3n.<\/p>\n<p>El conjunto de \u201ccookies\u201d de todos nuestros usuarios nos ayuda a mejorar la calidad de nuestra web, permiti\u00e9ndonos controlar qu\u00e9 p\u00e1ginas son \u00fatiles, cu\u00e1les no y cu\u00e1les son susceptibles de mejora.<\/p>\n<p>Las cookies son esenciales para el funcionamiento de internet, aportando innumerables ventajas en la prestaci\u00f3n de servicios interactivos, facilit\u00e1ndote la navegaci\u00f3n y usabilidad de nuestra web.<\/p>\n<p>En ning\u00fan caso las cookies podr\u00edan da\u00f1ar tu equipo. Por contra, el que est\u00e9n activas nos ayuda a identificar y resolver los errores.<\/p>\n<p>&nbsp;<\/p>\n<p><strong>\u00bfQu\u00e9 tipos de cookies utilizamos?<\/strong><\/p>\n<p><strong>1. <\/strong>Cookies t\u00e9cnicas: Son aquellas necesarias para la navegaci\u00f3n y el buen funcionamiento de nuestra p\u00e1gina web. Son Cookies propias y no guardan ning\u00fan tipo de informaci\u00f3n personal.<\/p>\n<p><strong>2.<\/strong> Cookies de personalizaci\u00f3n: Son aqu\u00e9llas que te permiten acceder al servicio con unas caracter\u00edsticas predefinidas en funci\u00f3n de una serie de criterios, como por ejemplo el idioma, el tipo de navegador a trav\u00e9s del cual se accede al servicio, la configuraci\u00f3n regional desde donde se accede al servicio, etc.<\/p>\n<p><strong>3.<\/strong> Cookies de an\u00e1lisis: Son aqu\u00e9llas que nos permiten cuantificar el n\u00famero de usuarios y as\u00ed realizar la medici\u00f3n y an\u00e1lisis estad\u00edstico de la utilizaci\u00f3n que hacen los usuarios de los servicios prestados. Para ello se analiza su navegaci\u00f3n en nuestra p\u00e1gina web con el fin de mejorar la oferta de productos y servicios que ofrecemos.<\/p>\n<p><strong>4.<\/strong> Cookies de publicidad comportamental: Estas cookies almacenan informaci\u00f3n del comportamiento de los usuarios obtenida a trav\u00e9s de la observaci\u00f3n continuada. Gracias a ellas, podemos conocer los h\u00e1bitos de navegaci\u00f3n en internet y mostrarte publicidad relacionada con tu perfil de navegaci\u00f3n.<\/p>\n<table style=\"width: 100%;\" border=\"1\" cellspacing=\"1\" cellpadding=\"3\">\n<tbody>\n<tr>\n<td><span style=\"font-size: 10pt;\"><strong>Cookie<\/strong><\/span><\/td>\n<td><span style=\"font-size: 10pt;\"><strong>Descripci\u00f3n<\/strong><\/span><\/td>\n<td><span style=\"font-size: 10pt;\"><strong>Duraci\u00f3n<\/strong><\/span><\/td>\n<td><span style=\"font-size: 10pt;\"><strong>Fuente<\/strong><\/span><\/td>\n<td><span style=\"font-size: 10pt;\"><strong>Proveedor<\/strong><\/span><\/td>\n<\/tr>\n<tr>\n<td>SEGURIDAD<\/td>\n<td>AUTH_KEY, SECURE_AUTH_KEY, LOGGED_IN_KEY, NONCE_KEY.<\/td>\n<td>48 horas o al cerrar el navegador. 14 d\u00edas si hacen click en recuerdame.<\/td>\n<td>Propia.<\/td>\n<td>Bodegas Iba\u00f1esas de exportaci\u00f3n S.A.<\/td>\n<\/tr>\n<tr>\n<td>LANGUAGE<\/td>\n<td>Preferencia de idioma: Se utiliza para recordar qu\u00e9 idioma escogi\u00f3 el visitante en su sesi\u00f3n.<\/td>\n<td>Cookie de sesi\u00f3n<\/td>\n<td>Propia.<\/td>\n<td>Bodegas Iba\u00f1esas de exportaci\u00f3n S.A.<\/td>\n<\/tr>\n<tr>\n<td>SESSIONID<\/td>\n<td>Sesi\u00f3n de registro de visitante: Utilizada para registrar su sesi\u00f3n; no es intrusiva ni mantiene su registro entre visitas ni en diversos sitios Web. Utilizada para cosas como \u00e1reas de inicio de sesi\u00f3n y carritos de compra. Est\u00e1 integrada a nuestro software de servidor Web.<\/td>\n<td>Cookie de sesi\u00f3n<\/td>\n<td>Propia.<\/td>\n<td>Bodegas Iba\u00f1esas de exportaci\u00f3n S.A.<\/td>\n<\/tr>\n<tr>\n<td>ns_cookietest<\/td>\n<td>Verificaci\u00f3n de preferencias de navegador: Utilizada para confirmar que su navegador pueda aceptar cookies.<\/td>\n<td>Cookie de sesi\u00f3n<\/td>\n<td>Propia.<\/td>\n<td>Bodegas Iba\u00f1esas de exportaci\u00f3n S.A.<\/td>\n<\/tr>\n<tr>\n<td>ns_session<\/td>\n<td>Conjunto de visitas de sesi\u00f3n: Utilizada para identificar sesiones de usuario para estad\u00edsticas en conjunto.<\/td>\n<td>Cookie de sesi\u00f3n<\/td>\n<td>Propia.<\/td>\n<td>Bodegas Iba\u00f1esas de exportaci\u00f3n S.A.<\/td>\n<\/tr>\n<tr>\n<td>__utma<\/td>\n<td>Identificaci\u00f3n de visitantes \u00fanicos: Utilizada para registrar visitantes \u00fanicos con fines estad\u00edsticos y anal\u00edticos.<\/td>\n<td>2 a\u00f1os<\/td>\n<td>Google (Analytics)<\/td>\n<td>Google Inc.<\/td>\n<\/tr>\n<tr>\n<td>__utmb<\/td>\n<td>Determinaci\u00f3n de la sesi\u00f3n del visitante: Google Analytics utiliza dos cookies para establecer una sesi\u00f3n. Si falta alguna de estas dos cookies, otra actividad inicia el comienzo de una nueva sesi\u00f3n.<\/td>\n<td>30 minutos<\/td>\n<td>Google (Analytics)<\/td>\n<td>Google Inc.<\/td>\n<\/tr>\n<tr>\n<td>__utmc<\/td>\n<td>Determinaci\u00f3n de la sesi\u00f3n del visitante: Google Analytics utiliza dos cookies para establecer una sesi\u00f3n. Si falta alguna de estas dos cookies, otra actividad inicia el comienzo de una nueva sesi\u00f3n.<\/td>\n<td>Sesi\u00f3n<\/td>\n<td>Google (Analytics)<\/td>\n<td>Google Inc.<\/td>\n<\/tr>\n<tr>\n<td>__utmz<\/td>\n<td>Registro de fuentes de tr\u00e1fico y navegaci\u00f3n: Utilizado para registrar c\u00f3mo lleg\u00f3 a nuestro sitio Web (por una b\u00fasqueda de Google, un aviso, etc.) y los recorridos que sigue mientras navega nuestro sitio. Utilizamos esta informaci\u00f3n para mejorar la experiencia del usuario en futuras actualizaciones.<\/td>\n<td>6 meses<\/td>\n<td>Google (Analytics)<\/td>\n<td>Google Inc.<\/td>\n<\/tr>\n<tr>\n<td>zoopim<\/td>\n<td>Analytica Web y atenci\u00f3n al cliente (chat online)<\/td>\n<td>1 a\u00f1o<\/td>\n<td>zoopim<\/td>\n<td>Zopim Technologies Pte Ltd<\/td>\n<\/tr>\n<tr>\n<td>addthis<\/td>\n<td>Analytica de contenidos<\/td>\n<td>1 a\u00f1o<\/td>\n<td>addthis<\/td>\n<td>AddThis, Inc.<\/td>\n<\/tr>\n<\/tbody>\n<\/table>\n<p>&nbsp;<\/p>\n<p>Te agradecemos que nos permitas emplear cookies para mejorar tu experiencia de usuario. No obstante, si decides rechazarlas, aqu\u00ed te contamos c\u00f3mo puedes configurar tu navegador para hacerlo:<\/p>\n<p>&nbsp;<\/p>\n<p><strong>Google Chrome<\/strong><\/p>\n<p>\u2013 En el men\u00fa de configuraci\u00f3n, en la parte superior derecha del navegador.<\/p>\n<p>\u2013 Selecciona \u201cOpciones\u201d y haz clic en \u201cMostrar opciones avanzadas\u201d.<\/p>\n<p>\u2013 Selecciona \u201cConfiguraci\u00f3n de contenido\u201d.<\/p>\n<p>\u2013 En el apartado de cookies selecciona PARA LAS COOKIES DE NUESTRAWEB \u201cPermitir que se almacenen datos locales (recomendado) \u201cpara aceptar todas las cookies, \u201cGuardar datos locales hasta que cierre el navegador\u201d para eliminar las cookies cuando cierres el navegador o \u201cNo permitir los datos de sitios\u201d para rechazar todas las cookies. PARA LAS COOKIES DE TERCERA PARTE (anunciantes) si seleccionas \u201cBloquear los datos de sitios y las cookies de terceros\u201d estar\u00e1s rechazando las cookies que usamos para publicidad.<\/p>\n<p>&nbsp;<\/p>\n<p><strong>Mozilla Firefox (para PC)<\/strong><\/p>\n<p>\u2013 En el men\u00fa de herramientas, selecciona \u201copciones\u201d.<\/p>\n<p>\u2013 Selecciona la etiqueta de privacidad en la parte superior de la ventana.<\/p>\n<p>\u2013 Del men\u00fa desplegable elige \u201cusar configuraci\u00f3n personalizada para el historial\u201d.<\/p>\n<p>\u2013 Marca \u201cAceptar cookies\u201d y \u201cAceptar cookies de terceros\u201d para aceptar todas las cookies o marca s\u00f3lo \u201cAceptar cookies de terceros\u201d y la opci\u00f3n NUNCA para rechazar las cookies de publicidad.<\/p>\n<p>&nbsp;<\/p>\n<p><strong>Mozilla Firefox (para Mac)<\/strong><\/p>\n<p>\u2013 En el men\u00fa de herramientas superior, haz clic en Firefox y selecciona \u201cPreferencias\u201d.<\/p>\n<p>\u2013 Haz clic en Privacidad.<\/p>\n<p>\u2013 En el apartado de Historial, selecciona de la pesta\u00f1a desplegable \u201cUsar una configuraci\u00f3n personalizada para el historial\u201d.<\/p>\n<p>\u2013 Marca \u201cAceptar cookies\u201d y \u201cAceptar cookies de terceros\u201d para aceptar todas las cookies o marca s\u00f3lo \u201cAceptar cookies de terceros\u201d y la opci\u00f3n NUNCA para rechazar las cookies de publicidad.<\/p>\n<p>&nbsp;<\/p>\n<p><strong>IE 6+<\/strong><\/p>\n<p>\u2013 En el men\u00fa de herramientas, selecciona \u201cOpciones de Internet\u201d.<\/p>\n<p>\u2013 Haz clic en la pesta\u00f1a de privacidad.<\/p>\n<p>\u2013 Ver\u00e1s un cursor de desplazamiento para configurar la privacidad que tiene seis posiciones que te permiten controlar la cantidad de cookies que se instalar\u00e1n: Bloquear todas las cookies, Alta (podremos usar cookies t\u00e9cnicas), Media Alto (bloquea las cookies de primera y tercera parte que obtienen datos sin el consentimiento expl\u00edcito del usuario), Media (bloquea las cookies de tercera parte que obtienen datos sin el consentimiento expl\u00edcito del usuario y restringe las de primera parte),<\/p>\n<p>Baja (permite las cookies de primera parte y restringe las de tercera), y Aceptar todas las cookies.<\/p>\n<p>&nbsp;<\/p>\n<p><strong>Apple Safari<\/strong><\/p>\n<p>Con Safari abierto, ve a la barra de herramientas Finder y selecciona \u201cSafari\u201d.<\/p>\n<p>En el men\u00fa desplegable, selecciona la opci\u00f3n \u201cPreferencias\u201d.<\/p>\n<p>Selecciona la pesta\u00f1a \u201cSeguridad\u201d.<\/p>\n<p>En la secci\u00f3n \u201cAceptar cookies\u201d marca la opci\u00f3n \u201csiempre\u201d para aceptar todas las cookies, \u201cnunca\u201d para rechazarlas todas, o \u201csolo de los sitios que visito\u201d para rechazar las cookies de publicidad y de terceros.<\/p>\n<p>Para Safari 5.1 en la secci\u00f3n \u201cBloquear Cookies\u201d marca \u201cNunca\u201d para aceptar todas las cookies, \u201csiempre\u201d para rechazarlas, o \u201cde publicidad y terceros\u201d para rechazar \u00e9stas \u00faltimas.<\/p>\n<p>&nbsp;<\/p>\n<p><strong>IOS<\/strong><\/p>\n<p>\u2013 Desde la pantalla de inicio, selecciona Ajustes.<\/p>\n<p>\u2013 Selecciona Safari.<\/p>\n<p>\u2013 Haz clic en Aceptar Cookies.<\/p>\n<p>\u2013 Marca la opci\u00f3n \u201csiempre\u201d para aceptar todas las cookies, \u201cnunca\u201d para rechazarlas todas, o \u201cde las visitadas\u201d para rechazar las cookies de publicidad y de terceros.<\/p>\n<p>&nbsp;<\/p>\n<p><strong>ANDROID<\/strong><\/p>\n<p>\u2013 Inicia la aplicaci\u00f3n de navegador.<\/p>\n<p>\u2013 Haz clic en el bot\u00f3n Men\u00fa y selecciona la opci\u00f3n \u201cM\u00e1s\u201d.<\/p>\n<p>\u2013 Haz clic en la opci\u00f3n Configuraci\u00f3n.<\/p>\n<p>\u2013 Marca o desmarca \u201cAceptar cookies\u201d.<\/p>\n<p>[\/et_pb_text][\/et_pb_column][\/et_pb_row][\/et_pb_section]<\/p>\n","protected":false},"excerpt":{"rendered":"<p>En bodegasibanesas.com utilizamos cookies con el objetivo de prestar un mejor servicio y proporcionarte una mejor experiencia en tu navegaci\u00f3n. Queremos informarte de manera clara y precisa sobre las cookies que utilizamos, detallando a continuaci\u00f3n, que es una cookie, para que sirve, que tipos de cookies utilizamos, cuales son su finalidad y como puedes configurarlas [&hellip;]<\/p>\n","protected":false},"author":1,"featured_media":0,"parent":0,"menu_order":0,"comment_status":"closed","ping_status":"closed","template":"","meta":{"_et_pb_use_builder":"on","_et_pb_old_content":"","_et_gb_content_width":"","footnotes":""},"class_list":["post-245","page","type-page","status-publish","hentry"],"_links":{"self":[{"href":"https:\/\/bodegasibanesas.com\/en\/wp-json\/wp\/v2\/pages\/245"}],"collection":[{"href":"https:\/\/bodegasibanesas.com\/en\/wp-json\/wp\/v2\/pages"}],"about":[{"href":"https:\/\/bodegasibanesas.com\/en\/wp-json\/wp\/v2\/types\/page"}],"author":[{"embeddable":true,"href":"https:\/\/bodegasibanesas.com\/en\/wp-json\/wp\/v2\/users\/1"}],"replies":[{"embeddable":true,"href":"https:\/\/bodegasibanesas.com\/en\/wp-json\/wp\/v2\/comments?post=245"}],"version-history":[{"count":1,"href":"https:\/\/bodegasibanesas.com\/en\/wp-json\/wp\/v2\/pages\/245\/revisions"}],"predecessor-version":[{"id":246,"href":"https:\/\/bodegasibanesas.com\/en\/wp-json\/wp\/v2\/pages\/245\/revisions\/246"}],"wp:attachment":[{"href":"https:\/\/bodegasibanesas.com\/en\/wp-json\/wp\/v2\/media?parent=245"}],"curies":[{"name":"wp","href":"https:\/\/api.w.org\/{rel}","templated":true}]}}